{"id":31245,"date":"2025-06-20T15:28:23","date_gmt":"2025-06-20T15:28:23","guid":{"rendered":"https:\/\/lesbijouxdangeli.com\/?page_id=31245"},"modified":"2025-06-20T15:40:13","modified_gmt":"2025-06-20T15:40:13","slug":"shipping-policy","status":"publish","type":"page","link":"https:\/\/lesbijouxdangeli.com\/fr\/shipping-policy\/","title":{"rendered":"Politique D&#039;Exp\u00e9dition"},"content":{"rendered":"<div data-elementor-type=\"wp-page\" data-elementor-id=\"31245\" class=\"elementor elementor-31245\">\n\t\t\t\t<div class=\"elementor-element elementor-element-881251d e-flex e-con-boxed wd-section-disabled e-con e-parent\" data-id=\"881251d\" data-element_type=\"container\" data-e-type=\"container\">\n\t\t\t\t\t<div class=\"e-con-inner\">\n\t\t\t\t<div class=\"elementor-element elementor-element-e71e386 color-scheme-inherit text-left elementor-widget elementor-widget-text-editor\" data-id=\"e71e386\" data-element_type=\"widget\" data-e-type=\"widget\" data-widget_type=\"text-editor.default\">\n\t\t\t\t<div class=\"elementor-widget-container\">\n\t\t\t\t\t\t\t\t\t<p><\/p><p><\/p><p><\/p><h2 class=\"wp-block-heading\">Politique D&#039;Exp\u00e9dition<\/h2><p><\/p><p><\/p><p><br \/>Chez Les Bijoux d\u2019Angeli, nous nous engageons \u00e0 vous offrir une exp\u00e9rience d\u2019achat agr\u00e9able, avec des bijoux d\u2019exception et un service de livraison fiable. Voici les d\u00e9tails de notre politique de livraison :<br \/><strong>1. Zones de livraison<\/strong><br \/>Nous livrons en France m\u00e9tropolitaine, en Corse, \u00e0 Monaco, ainsi que dans la plupart des pays de l\u2019Union europ\u00e9enne.<br \/>Pour les livraisons \u00e0 l\u2019international, veuillez nous contacter avant de passer commande afin de v\u00e9rifier la disponibilit\u00e9 et les frais de livraison.<\/p><p><strong>2. D\u00e9lais de livraison<\/strong><br \/>Nos bijoux n\u00e9cessitent un d\u00e9lai global de 4 \u00e0 6 semaines pour la fabrication et la livraison.<br \/>Pourquoi ce d\u00e9lai ?<br \/>\u2022  Sur-mesure : Chaque bijou est r\u00e9alis\u00e9 exclusivement pour vous, selon vos sp\u00e9cifications.<br \/>\u2022 Artisanat d\u2019excellence : Nos bijoux sont fabriqu\u00e9s \u00e0 la main en Inde par des artisans ma\u00eetres reconnus pour leur savoir-faire et leur pr\u00e9cision.<br \/>\u2022 Contr\u00f4les qualit\u00e9 rigoureux : Chaque pi\u00e8ce est minutieusement inspect\u00e9e avant l\u2019exp\u00e9dition afin de garantir une qualit\u00e9 irr\u00e9prochable. Ce d\u00e9lai de livraison refl\u00e8te notre engagement pour l\u2019excellence, afin de vous offrir un bijou unique et intemporel.<\/p><p><strong>Livraison standard :<\/strong><br \/>\u2022 France m\u00e9tropolitaine : Livraison sous 3 \u00e0 5 jours ouvr\u00e9s apr\u00e8s exp\u00e9dition.<br \/>\u2022 Union europ\u00e9enne : Livraison sous 5 \u00e0 10 jours ouvr\u00e9s apr\u00e8s exp\u00e9dition.<br \/>\u2022 International : La livraison peut prendre jusqu\u2019\u00e0 14 jours ouvr\u00e9s selon le pays.<br \/>Les d\u00e9lais de livraison peuvent varier lors des p\u00e9riodes de forte activit\u00e9 ou en cas de circonstances exceptionnelles.<\/p><p><strong>3. Frais de livraison<\/strong><br \/>Les frais de livraison sont calcul\u00e9s en fonction du poids et de la destination.<br \/>\u2022 Livraison gratuite en France m\u00e9tropolitaine pour toute commande sup\u00e9rieure \u00e0 200 \u20ac.<br \/>\u2022 Les frais applicables sont affich\u00e9s lors de la validation de votre commande.<\/p><p><strong>4. Suivi de commande<\/strong><br \/>D\u00e8s l\u2019exp\u00e9dition de votre commande, vous recevrez un email de confirmation avec un num\u00e9ro de suivi pour suivre votre colis en temps r\u00e9el.<\/p><p><strong>5. Retards et probl\u00e8mes de livraison<\/strong><br \/>En cas de retard ou de probl\u00e8me avec votre commande :<br \/>\u2022 Consultez le suivi en ligne.<br \/>\u2022 Contactez notre service client \u00e0 contacts@lesbijouxdangeli.com pour assistance.<\/p><p><strong>6. Livraison avec signature<\/strong><br \/>Toutes nos livraisons n\u00e9cessitent une signature afin de garantir la bonne r\u00e9ception de votre commande. Merci d\u2019\u00eatre pr\u00e9sent ou de d\u00e9signer une personne autoris\u00e9e \u00e0 recevoir votre colis.<\/p><p><strong>7. Adresse de livraison<\/strong><br \/>Veuillez fournir une adresse correcte et compl\u00e8te lors de votre commande. Les Bijoux d\u2019Angeli ne saurait \u00eatre tenu responsable des retards dus \u00e0 une adresse erron\u00e9e.<\/p><p><strong>8. Taxes et douanes<\/strong><br \/>Pour les livraisons internationales, des frais de douane ou taxes locales peuvent s\u2019appliquer. Ces frais, \u00e0 la charge du client, ne sont pas inclus dans les frais de livraison.<\/p><p><strong>9. Modification ou annulation de commande<\/strong><br \/>Les modifications ou annulations ne sont possibles que si la commande n\u2019a pas encore \u00e9t\u00e9 exp\u00e9di\u00e9e. Merci de nous contacter rapidement \u00e0 contacts@lesbijouxdangeli.com pour toute demande.<\/p><p><strong>10. Contactez-nous<\/strong><br \/>Pour toute question relative \u00e0 notre politique de livraison, \u00e9crivez-nous \u00e0 contacts@lesbijouxdangeli.com.<\/p>\t\t\t\t\t\t\t\t<\/div>\n\t\t\t\t<\/div>\n\t\t\t\t\t<\/div>\n\t\t\t\t<\/div>\n\t\t\t\t<\/div>","protected":false},"excerpt":{"rendered":"<p>Shipping Policy At Les Bijoux d&#8217;Angeli, we are committed to providing you with a pleasant shopping experience, with exceptional jewelry<\/p>","protected":false},"author":2,"featured_media":0,"parent":0,"menu_order":0,"comment_status":"closed","ping_status":"closed","template":"","meta":{"footnotes":""},"class_list":["post-31245","page","type-page","status-publish","hentry"],"yoast_head":"<!-- This site is optimized with the Yoast SEO plugin v26.9 - https:\/\/yoast.com\/product\/yoast-seo-wordpress\/ -->\n<title>Shipping Policy - les bijoux d&#039;angeli<\/title>\n<meta name=\"robots\" content=\"index, follow, max-snippet:-1, max-image-preview:large, max-video-preview:-1\" \/>\n<link rel=\"canonical\" href=\"https:\/\/lesbijouxdangeli.com\/fr\/shipping-policy\/\" \/>\n<meta property=\"og:locale\" content=\"fr_FR\" \/>\n<meta property=\"og:type\" content=\"article\" \/>\n<meta property=\"og:title\" content=\"Shipping Policy - les bijoux d&#039;angeli\" \/>\n<meta property=\"og:description\" content=\"Shipping Policy At Les Bijoux d&#8217;Angeli, we are committed to providing you with a pleasant shopping experience, with exceptional jewelry\" \/>\n<meta property=\"og:url\" content=\"https:\/\/lesbijouxdangeli.com\/fr\/shipping-policy\/\" \/>\n<meta property=\"og:site_name\" content=\"les bijoux d&#039;angeli\" \/>\n<meta property=\"article:modified_time\" content=\"2025-06-20T15:40:13+00:00\" \/>\n<meta name=\"twitter:card\" content=\"summary_large_image\" \/>\n<meta name=\"twitter:label1\" content=\"Dur\u00e9e de lecture estim\u00e9e\" \/>\n\t<meta name=\"twitter:data1\" content=\"2 minutes\" \/>\n<script type=\"application\/ld+json\" class=\"yoast-schema-graph\">{\"@context\":\"https:\/\/schema.org\",\"@graph\":[{\"@type\":\"WebPage\",\"@id\":\"https:\/\/lesbijouxdangeli.com\/shipping-policy\/\",\"url\":\"https:\/\/lesbijouxdangeli.com\/shipping-policy\/\",\"name\":\"Shipping Policy - les bijoux d&#039;angeli\",\"isPartOf\":{\"@id\":\"https:\/\/lesbijouxdangeli.com\/en\/#website\"},\"datePublished\":\"2025-06-20T15:28:23+00:00\",\"dateModified\":\"2025-06-20T15:40:13+00:00\",\"breadcrumb\":{\"@id\":\"https:\/\/lesbijouxdangeli.com\/shipping-policy\/#breadcrumb\"},\"inLanguage\":\"fr-FR\",\"potentialAction\":[{\"@type\":\"ReadAction\",\"target\":[\"https:\/\/lesbijouxdangeli.com\/shipping-policy\/\"]}]},{\"@type\":\"BreadcrumbList\",\"@id\":\"https:\/\/lesbijouxdangeli.com\/shipping-policy\/#breadcrumb\",\"itemListElement\":[{\"@type\":\"ListItem\",\"position\":1,\"name\":\"Home\",\"item\":\"https:\/\/lesbijouxdangeli.com\/\"},{\"@type\":\"ListItem\",\"position\":2,\"name\":\"Shipping Policy\"}]},{\"@type\":\"WebSite\",\"@id\":\"https:\/\/lesbijouxdangeli.com\/en\/#website\",\"url\":\"https:\/\/lesbijouxdangeli.com\/en\/\",\"name\":\"lesbijouxdangeli.com\",\"description\":\"\",\"publisher\":{\"@id\":\"https:\/\/lesbijouxdangeli.com\/en\/#organization\"},\"potentialAction\":[{\"@type\":\"SearchAction\",\"target\":{\"@type\":\"EntryPoint\",\"urlTemplate\":\"https:\/\/lesbijouxdangeli.com\/en\/?s={search_term_string}\"},\"query-input\":{\"@type\":\"PropertyValueSpecification\",\"valueRequired\":true,\"valueName\":\"search_term_string\"}}],\"inLanguage\":\"fr-FR\"},{\"@type\":\"Organization\",\"@id\":\"https:\/\/lesbijouxdangeli.com\/en\/#organization\",\"name\":\"lesbijouxdangeli.com\",\"url\":\"https:\/\/lesbijouxdangeli.com\/en\/\",\"logo\":{\"@type\":\"ImageObject\",\"inLanguage\":\"fr-FR\",\"@id\":\"https:\/\/lesbijouxdangeli.com\/en\/#\/schema\/logo\/image\/\",\"url\":\"https:\/\/lesbijouxdangeli.com\/wp-content\/uploads\/2025\/06\/jewerly-logo_final_SVG-01.svg\",\"contentUrl\":\"https:\/\/lesbijouxdangeli.com\/wp-content\/uploads\/2025\/06\/jewerly-logo_final_SVG-01.svg\",\"width\":500,\"height\":150,\"caption\":\"lesbijouxdangeli.com\"},\"image\":{\"@id\":\"https:\/\/lesbijouxdangeli.com\/en\/#\/schema\/logo\/image\/\"},\"sameAs\":[\"https:\/\/www.instagram.com\/lesbijouxdangeli\/\",\"https:\/\/www.tiktok.com\/@lesbijouxdangeli\"]}]}<\/script>\n<!-- \/ Yoast SEO plugin. -->","yoast_head_json":{"title":"Shipping Policy - les bijoux d&#039;angeli","robots":{"index":"index","follow":"follow","max-snippet":"max-snippet:-1","max-image-preview":"max-image-preview:large","max-video-preview":"max-video-preview:-1"},"canonical":"https:\/\/lesbijouxdangeli.com\/fr\/shipping-policy\/","og_locale":"fr_FR","og_type":"article","og_title":"Shipping Policy - les bijoux d&#039;angeli","og_description":"Shipping Policy At Les Bijoux d&#8217;Angeli, we are committed to providing you with a pleasant shopping experience, with exceptional jewelry","og_url":"https:\/\/lesbijouxdangeli.com\/fr\/shipping-policy\/","og_site_name":"les bijoux d&#039;angeli","article_modified_time":"2025-06-20T15:40:13+00:00","twitter_card":"summary_large_image","twitter_misc":{"Dur\u00e9e de lecture estim\u00e9e":"2 minutes"},"schema":{"@context":"https:\/\/schema.org","@graph":[{"@type":"WebPage","@id":"https:\/\/lesbijouxdangeli.com\/shipping-policy\/","url":"https:\/\/lesbijouxdangeli.com\/shipping-policy\/","name":"Shipping Policy - les bijoux d&#039;angeli","isPartOf":{"@id":"https:\/\/lesbijouxdangeli.com\/en\/#website"},"datePublished":"2025-06-20T15:28:23+00:00","dateModified":"2025-06-20T15:40:13+00:00","breadcrumb":{"@id":"https:\/\/lesbijouxdangeli.com\/shipping-policy\/#breadcrumb"},"inLanguage":"fr-FR","potentialAction":[{"@type":"ReadAction","target":["https:\/\/lesbijouxdangeli.com\/shipping-policy\/"]}]},{"@type":"BreadcrumbList","@id":"https:\/\/lesbijouxdangeli.com\/shipping-policy\/#breadcrumb","itemListElement":[{"@type":"ListItem","position":1,"name":"Home","item":"https:\/\/lesbijouxdangeli.com\/"},{"@type":"ListItem","position":2,"name":"Shipping Policy"}]},{"@type":"WebSite","@id":"https:\/\/lesbijouxdangeli.com\/en\/#website","url":"https:\/\/lesbijouxdangeli.com\/en\/","name":"lesbijouxdangeli.com","description":"","publisher":{"@id":"https:\/\/lesbijouxdangeli.com\/en\/#organization"},"potentialAction":[{"@type":"SearchAction","target":{"@type":"EntryPoint","urlTemplate":"https:\/\/lesbijouxdangeli.com\/en\/?s={search_term_string}"},"query-input":{"@type":"PropertyValueSpecification","valueRequired":true,"valueName":"search_term_string"}}],"inLanguage":"fr-FR"},{"@type":"Organization","@id":"https:\/\/lesbijouxdangeli.com\/en\/#organization","name":"lesbijouxdangeli.com","url":"https:\/\/lesbijouxdangeli.com\/en\/","logo":{"@type":"ImageObject","inLanguage":"fr-FR","@id":"https:\/\/lesbijouxdangeli.com\/en\/#\/schema\/logo\/image\/","url":"https:\/\/lesbijouxdangeli.com\/wp-content\/uploads\/2025\/06\/jewerly-logo_final_SVG-01.svg","contentUrl":"https:\/\/lesbijouxdangeli.com\/wp-content\/uploads\/2025\/06\/jewerly-logo_final_SVG-01.svg","width":500,"height":150,"caption":"lesbijouxdangeli.com"},"image":{"@id":"https:\/\/lesbijouxdangeli.com\/en\/#\/schema\/logo\/image\/"},"sameAs":["https:\/\/www.instagram.com\/lesbijouxdangeli\/","https:\/\/www.tiktok.com\/@lesbijouxdangeli"]}]}},"_links":{"self":[{"href":"https:\/\/lesbijouxdangeli.com\/fr\/wp-json\/wp\/v2\/pages\/31245","targetHints":{"allow":["GET"]}}],"collection":[{"href":"https:\/\/lesbijouxdangeli.com\/fr\/wp-json\/wp\/v2\/pages"}],"about":[{"href":"https:\/\/lesbijouxdangeli.com\/fr\/wp-json\/wp\/v2\/types\/page"}],"author":[{"embeddable":true,"href":"https:\/\/lesbijouxdangeli.com\/fr\/wp-json\/wp\/v2\/users\/2"}],"replies":[{"embeddable":true,"href":"https:\/\/lesbijouxdangeli.com\/fr\/wp-json\/wp\/v2\/comments?post=31245"}],"version-history":[{"count":4,"href":"https:\/\/lesbijouxdangeli.com\/fr\/wp-json\/wp\/v2\/pages\/31245\/revisions"}],"predecessor-version":[{"id":31249,"href":"https:\/\/lesbijouxdangeli.com\/fr\/wp-json\/wp\/v2\/pages\/31245\/revisions\/31249"}],"wp:attachment":[{"href":"https:\/\/lesbijouxdangeli.com\/fr\/wp-json\/wp\/v2\/media?parent=31245"}],"curies":[{"name":"wp","href":"https:\/\/api.w.org\/{rel}","templated":true}]}}