{"id":31413,"date":"2025-07-07T09:52:35","date_gmt":"2025-07-07T09:52:35","guid":{"rendered":"https:\/\/lesbijouxdangeli.com\/?page_id=31413"},"modified":"2025-07-07T09:55:54","modified_gmt":"2025-07-07T09:55:54","slug":"returns","status":"publish","type":"page","link":"https:\/\/lesbijouxdangeli.com\/fr\/returns\/","title":{"rendered":"Politique de retour"},"content":{"rendered":"<div data-elementor-type=\"wp-page\" data-elementor-id=\"31413\" class=\"elementor elementor-31413\">\n\t\t\t\t<div class=\"elementor-element elementor-element-35ffd08 e-flex e-con-boxed wd-section-disabled e-con e-parent\" data-id=\"35ffd08\" data-element_type=\"container\" data-e-type=\"container\">\n\t\t\t\t\t<div class=\"e-con-inner\">\n\t\t\t\t<div class=\"elementor-element elementor-element-b932b70 elementor-widget elementor-widget-wd_text_block\" data-id=\"b932b70\" data-element_type=\"widget\" data-e-type=\"widget\" data-widget_type=\"wd_text_block.default\">\n\t\t\t\t<div class=\"elementor-widget-container\">\n\t\t\t\t\t\t\t<div class=\"wd-text-block reset-last-child text-left\">\n\t\t\t\n\t\t\t<h2><strong>Return Policy\u00a0\u00a0<\/strong><\/h2><p><span style=\"font-weight: 400;\">Nous souhaitons que vous soyez enti\u00e8rement satisfait de votre achat chez Les Bijoux d'Angeli. Si, pour une raison quelconque, vous n\u2019\u00eates pas satisfait de votre commande, nous vous offrons la possibilit\u00e9 de retourner votre article dans les conditions d\u00e9taill\u00e9es ci-dessous.<\/span><\/p><p><b>Conditions de Retour<\/b><\/p><ol><li><b>D\u00e9lai de R\u00e9tractation L\u00e9gal<\/b><b><br \/><\/b><span style=\"font-weight: 400;\"> Conform\u00e9ment \u00e0 la l\u00e9gislation en vigueur, vous disposez d\u2019un d\u00e9lai de 14 jours calendaires \u00e0 compter de la r\u00e9ception de votre commande pour exercer votre droit de r\u00e9tractation sans avoir \u00e0 justifier de motifs ni \u00e0 payer de p\u00e9nalit\u00e9s, \u00e0 l\u2019exception des frais de retour.<\/span><\/li><li><b>\u00c9tat de l\u2019Article<\/b><b><br \/><\/b><span style=\"font-weight: 400;\"> Les produits doivent \u00eatre retourn\u00e9s dans leur \u00e9tat d'origine, non port\u00e9s, non endommag\u00e9s, non alt\u00e9r\u00e9s, et dans leur emballage d\u2019origine avec tous les accessoires et \u00e9tiquettes. Les articles endommag\u00e9s, us\u00e9s ou alt\u00e9r\u00e9s ne seront pas accept\u00e9s pour le retour.<\/span><\/li><li><b>Exclusions L\u00e9gales<\/b><b><br \/><\/b><span style=\"font-weight: 400;\"> Les articles personnalis\u00e9s (gravures, sur-mesure) et les boucles d'oreilles pour des raisons d\u2019hygi\u00e8ne ne sont pas soumis au droit de r\u00e9tractation, sauf d\u00e9faut constat\u00e9.<\/span><span style=\"font-weight: 400;\"><br \/><\/span><span style=\"font-weight: 400;\"> Les articles confectionn\u00e9s selon les sp\u00e9cifications du consommateur ou nettement personnalis\u00e9s ne peuvent \u00eatre retourn\u00e9s (Article L221-28 du Code de la consommation).<\/span><\/li><li><b>Proc\u00e9dure de R\u00e9tractation<\/b><b><br \/><\/b><span style=\"font-weight: 400;\"> Pour exercer votre droit de r\u00e9tractation, vous devez notifier votre d\u00e9cision de r\u00e9tractation par une d\u00e9claration claire (par exemple, lettre envoy\u00e9e par la poste, fax ou e-mail) avant l'expiration du d\u00e9lai de 14 jours.<\/span><span style=\"font-weight: 400;\"><br \/><\/span><span style=\"font-weight: 400;\"> Vous pouvez  nous contacter \u00e0 contacts@lesbijouxdangeli.com. <\/span><b>contacts@lesbijouxdangeli.com<\/b><span style=\"font-weight: 400;\">.<\/span><\/li><li><b>Retour des Articles<\/b><b><br \/><\/b><span style=\"font-weight: 400;\"> Les produits doivent \u00eatre renvoy\u00e9s sans retard excessif, et au plus tard dans les 14 jours suivant la communication de votre d\u00e9cision de vous r\u00e9tracter. Les frais de retour sont \u00e0 la charge du client, sauf en cas de produit d\u00e9fectueux ou erreur de notre part.<\/span><span style=\"font-weight: 400;\"><br \/><\/span><span style=\"font-weight: 400;\"> The customer is responsible for any damage incurred during the return shipment.<\/span><\/li><li><b>Remboursement<\/b><b><br \/><\/b><span style=\"font-weight: 400;\"> En cas de r\u00e9tractation, nous vous rembourserons tous les paiements re\u00e7us, y compris les frais de livraison standard (les frais suppl\u00e9mentaires dus au choix d\u2019un mode de livraison express ne seront pas rembours\u00e9s), dans un d\u00e9lai de 14 jours \u00e0 compter de la r\u00e9ception des articles retourn\u00e9s ou de la preuve d\u2019exp\u00e9dition.<\/span><span style=\"font-weight: 400;\"><br \/><\/span><span style=\"font-weight: 400;\"> Le remboursement sera effectu\u00e9 via le m\u00eame moyen de paiement que celui utilis\u00e9 lors de la commande, sauf accord contraire expr\u00e8s de votre part.<\/span><\/li><li><b>Garantie L\u00e9gale<\/b><b><br \/><\/b><span style=\"font-weight: 400;\"> Tous nos produits b\u00e9n\u00e9ficient des garanties l\u00e9gales de conformit\u00e9 et contre les vices cach\u00e9s, vous permettant de renvoyer les articles d\u00e9fectueux ou non conformes.<\/span><\/li><\/ol><p><b>Informations de Contact :<\/b><b><br \/><\/b><span style=\"font-weight: 400;\"> Pour toute question concernant notre Politique de Retour ou pour entamer un retour, veuillez nous contacter \u00e0 contacts@lesbijouxdangeli.com. <\/span><b>contacts@lesbijouxdangeli.com<\/b><span style=\"font-weight: 400;\">.<\/span><\/p>\n\t\t\t\t\t<\/div>\n\t\t\t\t\t\t<\/div>\n\t\t\t\t<\/div>\n\t\t\t\t\t<\/div>\n\t\t\t\t<\/div>\n\t\t\t\t<\/div>","protected":false},"excerpt":{"rendered":"<p>Return Policy\u00a0\u00a0 We want you to be completely satisfied with your purchase from Les Bijoux d&#8217;Angeli. If for any reason<\/p>","protected":false},"author":1,"featured_media":0,"parent":0,"menu_order":0,"comment_status":"closed","ping_status":"closed","template":"","meta":{"footnotes":""},"class_list":["post-31413","page","type-page","status-publish","hentry"],"yoast_head":"<!-- This site is optimized with the Yoast SEO plugin v26.9 - https:\/\/yoast.com\/product\/yoast-seo-wordpress\/ -->\n<title>Returns - les bijoux d&#039;angeli<\/title>\n<meta name=\"robots\" content=\"index, follow, max-snippet:-1, max-image-preview:large, max-video-preview:-1\" \/>\n<link rel=\"canonical\" href=\"https:\/\/lesbijouxdangeli.com\/fr\/returns\/\" \/>\n<meta property=\"og:locale\" content=\"fr_FR\" \/>\n<meta property=\"og:type\" content=\"article\" \/>\n<meta property=\"og:title\" content=\"Returns - les bijoux d&#039;angeli\" \/>\n<meta property=\"og:description\" content=\"Return Policy\u00a0\u00a0 We want you to be completely satisfied with your purchase from Les Bijoux d&#8217;Angeli. If for any reason\" \/>\n<meta property=\"og:url\" content=\"https:\/\/lesbijouxdangeli.com\/fr\/returns\/\" \/>\n<meta property=\"og:site_name\" content=\"les bijoux d&#039;angeli\" \/>\n<meta property=\"article:modified_time\" content=\"2025-07-07T09:55:54+00:00\" \/>\n<meta name=\"twitter:card\" content=\"summary_large_image\" \/>\n<meta name=\"twitter:label1\" content=\"Dur\u00e9e de lecture estim\u00e9e\" \/>\n\t<meta name=\"twitter:data1\" content=\"2 minutes\" \/>\n<script type=\"application\/ld+json\" class=\"yoast-schema-graph\">{\"@context\":\"https:\/\/schema.org\",\"@graph\":[{\"@type\":\"WebPage\",\"@id\":\"https:\/\/lesbijouxdangeli.com\/returns\/\",\"url\":\"https:\/\/lesbijouxdangeli.com\/returns\/\",\"name\":\"Returns - les bijoux d&#039;angeli\",\"isPartOf\":{\"@id\":\"https:\/\/lesbijouxdangeli.com\/en\/#website\"},\"datePublished\":\"2025-07-07T09:52:35+00:00\",\"dateModified\":\"2025-07-07T09:55:54+00:00\",\"breadcrumb\":{\"@id\":\"https:\/\/lesbijouxdangeli.com\/returns\/#breadcrumb\"},\"inLanguage\":\"fr-FR\",\"potentialAction\":[{\"@type\":\"ReadAction\",\"target\":[\"https:\/\/lesbijouxdangeli.com\/returns\/\"]}]},{\"@type\":\"BreadcrumbList\",\"@id\":\"https:\/\/lesbijouxdangeli.com\/returns\/#breadcrumb\",\"itemListElement\":[{\"@type\":\"ListItem\",\"position\":1,\"name\":\"Home\",\"item\":\"https:\/\/lesbijouxdangeli.com\/\"},{\"@type\":\"ListItem\",\"position\":2,\"name\":\"Returns\"}]},{\"@type\":\"WebSite\",\"@id\":\"https:\/\/lesbijouxdangeli.com\/en\/#website\",\"url\":\"https:\/\/lesbijouxdangeli.com\/en\/\",\"name\":\"lesbijouxdangeli.com\",\"description\":\"\",\"publisher\":{\"@id\":\"https:\/\/lesbijouxdangeli.com\/en\/#organization\"},\"potentialAction\":[{\"@type\":\"SearchAction\",\"target\":{\"@type\":\"EntryPoint\",\"urlTemplate\":\"https:\/\/lesbijouxdangeli.com\/en\/?s={search_term_string}\"},\"query-input\":{\"@type\":\"PropertyValueSpecification\",\"valueRequired\":true,\"valueName\":\"search_term_string\"}}],\"inLanguage\":\"fr-FR\"},{\"@type\":\"Organization\",\"@id\":\"https:\/\/lesbijouxdangeli.com\/en\/#organization\",\"name\":\"lesbijouxdangeli.com\",\"url\":\"https:\/\/lesbijouxdangeli.com\/en\/\",\"logo\":{\"@type\":\"ImageObject\",\"inLanguage\":\"fr-FR\",\"@id\":\"https:\/\/lesbijouxdangeli.com\/en\/#\/schema\/logo\/image\/\",\"url\":\"https:\/\/lesbijouxdangeli.com\/wp-content\/uploads\/2025\/06\/jewerly-logo_final_SVG-01.svg\",\"contentUrl\":\"https:\/\/lesbijouxdangeli.com\/wp-content\/uploads\/2025\/06\/jewerly-logo_final_SVG-01.svg\",\"width\":500,\"height\":150,\"caption\":\"lesbijouxdangeli.com\"},\"image\":{\"@id\":\"https:\/\/lesbijouxdangeli.com\/en\/#\/schema\/logo\/image\/\"},\"sameAs\":[\"https:\/\/www.instagram.com\/lesbijouxdangeli\/\",\"https:\/\/www.tiktok.com\/@lesbijouxdangeli\"]}]}<\/script>\n<!-- \/ Yoast SEO plugin. -->","yoast_head_json":{"title":"Returns - les bijoux d&#039;angeli","robots":{"index":"index","follow":"follow","max-snippet":"max-snippet:-1","max-image-preview":"max-image-preview:large","max-video-preview":"max-video-preview:-1"},"canonical":"https:\/\/lesbijouxdangeli.com\/fr\/returns\/","og_locale":"fr_FR","og_type":"article","og_title":"Returns - les bijoux d&#039;angeli","og_description":"Return Policy\u00a0\u00a0 We want you to be completely satisfied with your purchase from Les Bijoux d&#8217;Angeli. If for any reason","og_url":"https:\/\/lesbijouxdangeli.com\/fr\/returns\/","og_site_name":"les bijoux d&#039;angeli","article_modified_time":"2025-07-07T09:55:54+00:00","twitter_card":"summary_large_image","twitter_misc":{"Dur\u00e9e de lecture estim\u00e9e":"2 minutes"},"schema":{"@context":"https:\/\/schema.org","@graph":[{"@type":"WebPage","@id":"https:\/\/lesbijouxdangeli.com\/returns\/","url":"https:\/\/lesbijouxdangeli.com\/returns\/","name":"Returns - les bijoux d&#039;angeli","isPartOf":{"@id":"https:\/\/lesbijouxdangeli.com\/en\/#website"},"datePublished":"2025-07-07T09:52:35+00:00","dateModified":"2025-07-07T09:55:54+00:00","breadcrumb":{"@id":"https:\/\/lesbijouxdangeli.com\/returns\/#breadcrumb"},"inLanguage":"fr-FR","potentialAction":[{"@type":"ReadAction","target":["https:\/\/lesbijouxdangeli.com\/returns\/"]}]},{"@type":"BreadcrumbList","@id":"https:\/\/lesbijouxdangeli.com\/returns\/#breadcrumb","itemListElement":[{"@type":"ListItem","position":1,"name":"Home","item":"https:\/\/lesbijouxdangeli.com\/"},{"@type":"ListItem","position":2,"name":"Returns"}]},{"@type":"WebSite","@id":"https:\/\/lesbijouxdangeli.com\/en\/#website","url":"https:\/\/lesbijouxdangeli.com\/en\/","name":"lesbijouxdangeli.com","description":"","publisher":{"@id":"https:\/\/lesbijouxdangeli.com\/en\/#organization"},"potentialAction":[{"@type":"SearchAction","target":{"@type":"EntryPoint","urlTemplate":"https:\/\/lesbijouxdangeli.com\/en\/?s={search_term_string}"},"query-input":{"@type":"PropertyValueSpecification","valueRequired":true,"valueName":"search_term_string"}}],"inLanguage":"fr-FR"},{"@type":"Organization","@id":"https:\/\/lesbijouxdangeli.com\/en\/#organization","name":"lesbijouxdangeli.com","url":"https:\/\/lesbijouxdangeli.com\/en\/","logo":{"@type":"ImageObject","inLanguage":"fr-FR","@id":"https:\/\/lesbijouxdangeli.com\/en\/#\/schema\/logo\/image\/","url":"https:\/\/lesbijouxdangeli.com\/wp-content\/uploads\/2025\/06\/jewerly-logo_final_SVG-01.svg","contentUrl":"https:\/\/lesbijouxdangeli.com\/wp-content\/uploads\/2025\/06\/jewerly-logo_final_SVG-01.svg","width":500,"height":150,"caption":"lesbijouxdangeli.com"},"image":{"@id":"https:\/\/lesbijouxdangeli.com\/en\/#\/schema\/logo\/image\/"},"sameAs":["https:\/\/www.instagram.com\/lesbijouxdangeli\/","https:\/\/www.tiktok.com\/@lesbijouxdangeli"]}]}},"_links":{"self":[{"href":"https:\/\/lesbijouxdangeli.com\/fr\/wp-json\/wp\/v2\/pages\/31413","targetHints":{"allow":["GET"]}}],"collection":[{"href":"https:\/\/lesbijouxdangeli.com\/fr\/wp-json\/wp\/v2\/pages"}],"about":[{"href":"https:\/\/lesbijouxdangeli.com\/fr\/wp-json\/wp\/v2\/types\/page"}],"author":[{"embeddable":true,"href":"https:\/\/lesbijouxdangeli.com\/fr\/wp-json\/wp\/v2\/users\/1"}],"replies":[{"embeddable":true,"href":"https:\/\/lesbijouxdangeli.com\/fr\/wp-json\/wp\/v2\/comments?post=31413"}],"version-history":[{"count":4,"href":"https:\/\/lesbijouxdangeli.com\/fr\/wp-json\/wp\/v2\/pages\/31413\/revisions"}],"predecessor-version":[{"id":31418,"href":"https:\/\/lesbijouxdangeli.com\/fr\/wp-json\/wp\/v2\/pages\/31413\/revisions\/31418"}],"wp:attachment":[{"href":"https:\/\/lesbijouxdangeli.com\/fr\/wp-json\/wp\/v2\/media?parent=31413"}],"curies":[{"name":"wp","href":"https:\/\/api.w.org\/{rel}","templated":true}]}}