{"id":31419,"date":"2025-07-07T10:00:05","date_gmt":"2025-07-07T10:00:05","guid":{"rendered":"https:\/\/lesbijouxdangeli.com\/?page_id=31419"},"modified":"2025-08-31T11:25:13","modified_gmt":"2025-08-31T15:55:13","slug":"terms-and-conditions","status":"publish","type":"page","link":"https:\/\/lesbijouxdangeli.com\/fr\/terms-and-conditions\/","title":{"rendered":"Conditions G\u00e9n\u00e9rales de Vente"},"content":{"rendered":"<div data-elementor-type=\"wp-page\" data-elementor-id=\"31419\" class=\"elementor elementor-31419\">\n\t\t\t\t<div class=\"elementor-element elementor-element-8cb5382 e-flex e-con-boxed wd-section-disabled e-con e-parent\" data-id=\"8cb5382\" data-element_type=\"container\" data-e-type=\"container\">\n\t\t\t\t\t<div class=\"e-con-inner\">\n\t\t\t\t<div class=\"elementor-element elementor-element-8a4cfa0 elementor-widget elementor-widget-wd_text_block\" data-id=\"8a4cfa0\" data-element_type=\"widget\" data-e-type=\"widget\" data-widget_type=\"wd_text_block.default\">\n\t\t\t\t<div class=\"elementor-widget-container\">\n\t\t\t\t\t\t\t<div class=\"wd-text-block reset-last-child text-left\">\n\t\t\t\n\t\t\t<p><b>Conditions G\u00e9n\u00e9rales de Vente\u00a0\u00a0<\/b><\/p><ol><li style=\"font-weight: 400;\" aria-level=\"1\"><b>Identification de la Soci\u00e9t\u00e9<\/b><b><br \/><\/b><span style=\"font-weight: 400;\"> Les pr\u00e9sentes conditions g\u00e9n\u00e9rales de vente r\u00e9gissent les relations entre la soci\u00e9t\u00e9 LES BIJOUX D'ANGELI, une SAS au capital social d\u00e9clar\u00e9, immatricul\u00e9e au RCS de Paris sous le num\u00e9ro 933 805 020, dont le si\u00e8ge social est situ\u00e9 au 7 rue R\u00e9aumur, 75003 Paris, et ses clients.<\/span><span style=\"font-weight: 400;\"><br \/><\/span><span style=\"font-weight: 400;\"> N\u00b0 SIRET  : 933 805 020 00015<\/span><span style=\"font-weight: 400;\"><br \/><\/span><span style=\"font-weight: 400;\"> TVA Intracommunautaire : FR73 933 805 020<\/span><span style=\"font-weight: 400;\"><br \/><\/span><span style=\"font-weight: 400;\"> Pour toute question, vous pouvez nous contacter \u00e0 l'adresse e-mail suivante : contacts@lesbijouxdangeli.com.<\/span><\/li><li style=\"font-weight: 400;\" aria-level=\"1\"><b>Champ d'application<\/b><b><br \/><\/b><span style=\"font-weight: 400;\"> Ces CGV s'appliquent \u00e0 toutes les ventes r\u00e9alis\u00e9es sur notre site internet et dans nos points de contact directs. En passant commande, le client accepte pleinement les pr\u00e9sentes conditions.<\/span><\/li><li style=\"font-weight: 400;\" aria-level=\"1\"><b>Produits et Services<\/b><b><br \/><\/b><span style=\"font-weight: 400;\"> Les Bijoux d'Angeli propose des bijoux en gros et au d\u00e9tail, incluant des cr\u00e9ations personnalis\u00e9es.<\/span><span style=\"font-weight: 400;\"><br \/><\/span><span style=\"font-weight: 400;\"> Les produits standards sont d\u00e9crits avec leurs caract\u00e9ristiques essentielles.<\/span><span style=\"font-weight: 400;\"><br \/><\/span><span style=\"font-weight: 400;\"> Les cr\u00e9ations personnalis\u00e9es n\u00e9cessitent une validation pr\u00e9alable via devis.<\/span><\/li><li style=\"font-weight: 400;\" aria-level=\"1\"><b>Prix<\/b><b><br \/><\/b><span style=\"font-weight: 400;\"> Les prix sont indiqu\u00e9s en euros, toutes taxes comprises (TTC), hors frais de livraison.<\/span><span style=\"font-weight: 400;\"><br \/><\/span><span style=\"font-weight: 400;\"> Pour les commandes internationales, des frais de douane et taxes locales peuvent s\u2019appliquer. \u00a0 \u00a0 \u00a0 \u00a0 \u00a0 \u00a0 \u00a0 \u00a0 \u00a0 \u00a0 \u00a0 \u00a0 <\/span><br \/>In the event of a manifest typographical error or a price clearly inconsistent with the actual market value of the product, <em data-start=\"577\" data-end=\"598\">Les Bijoux d\u2019Angeli<\/em> reserves the right to cancel any order, even after confirmation and payment. In such cases, the customer will be promptly informed and refunded in full.<\/li><li style=\"font-weight: 400;\" aria-level=\"1\"><b>Commandes<\/b><b><br \/><\/b><span style=\"font-weight: 400;\"> Une commande est consid\u00e9r\u00e9e comme valid\u00e9e apr\u00e8s confirmation par e-mail et r\u00e9ception du premier versement pour les commandes n\u00e9cessitant un devis.<\/span><\/li><li style=\"font-weight: 400;\" aria-level=\"1\"><b>Modalit\u00e9s de Paiement<\/b><b><br \/><\/b><span style=\"font-weight: 400;\"> Les paiements peuvent \u00eatre effectu\u00e9s :<\/span><\/li><\/ol><ul><li style=\"font-weight: 400;\" aria-level=\"1\"><span style=\"font-weight: 400;\">Par carte bancaire<\/span><\/li><li style=\"font-weight: 400;\" aria-level=\"1\"><span style=\"font-weight: 400;\">Par virement bancaire.<\/span><\/li><li style=\"font-weight: 400;\" aria-level=\"1\"><span style=\"font-weight: 400;\">En plusieurs fois (sous r\u00e9serve d\u2019approbation).<\/span><\/li><\/ul><ol><li style=\"font-weight: 400;\" aria-level=\"1\"><b>Livraison<\/b><b><br \/><\/b><span style=\"font-weight: 400;\"> Les d\u00e9lais de livraison pour les bijoux personnalis\u00e9s sont de 4 \u00e0 6 semaines, car nos cr\u00e9ations sont r\u00e9alis\u00e9es par des artisans experts en Inde.<\/span><span style=\"font-weight: 400;\"><br \/><\/span><span style=\"font-weight: 400;\"> Une signature est requise \u00e0 la r\u00e9ception pour garantir la s\u00e9curit\u00e9 de votre commande.<\/span><\/li><li style=\"font-weight: 400;\" aria-level=\"1\"><b>Droit de r\u00e9tractation<\/b><b><br \/><\/b><span style=\"font-weight: 400;\"> Conform\u00e9ment \u00e0 l\u2019article L121-20-2 du Code de la consommation, les produits personnalis\u00e9s ne sont pas \u00e9ligibles au droit de r\u00e9tractation. Les produits standards peuvent \u00eatre retourn\u00e9s dans un d\u00e9lai de 14 jours suivant leur r\u00e9ception.<\/span><\/li><li style=\"font-weight: 400;\" aria-level=\"1\"><b>Garanties et Responsabilit\u00e9s<\/b><b><br \/><\/b><span style=\"font-weight: 400;\"> Nos bijoux b\u00e9n\u00e9ficient de la garantie l\u00e9gale de conformit\u00e9 et de la garantie contre les vices cach\u00e9s.<\/span><\/li><li style=\"font-weight: 400;\" aria-level=\"1\"><b>Donn\u00e9es personnelles<\/b><b><br \/><\/b><span style=\"font-weight: 400;\"> Les donn\u00e9es collect\u00e9es sont utilis\u00e9es uniquement dans le cadre de la gestion des commandes. Conform\u00e9ment au RGPD, vous disposez d\u2019un droit d\u2019acc\u00e8s, de modification et de suppression de vos donn\u00e9es.<\/span><\/li><li style=\"font-weight: 400;\" aria-level=\"1\"><b>Loi applicable et litiges<\/b><b><br \/><\/b><span style=\"font-weight: 400;\"> Les pr\u00e9sentes CGV sont r\u00e9gies par le droit fran\u00e7ais. En cas de litige, une solution amiable sera privil\u00e9gi\u00e9e avant tout recours judiciaire.<\/span><\/li><\/ol>\n\t\t\t\t\t<\/div>\n\t\t\t\t\t\t<\/div>\n\t\t\t\t<\/div>\n\t\t\t\t\t<\/div>\n\t\t\t\t<\/div>\n\t\t\t\t<\/div>","protected":false},"excerpt":{"rendered":"<p>Terms and Conditions\u00a0\u00a0 Company Identification These terms and conditions govern the relationship between LES BIJOUX D&#8217;ANGELI, a simplified joint-stock company<\/p>","protected":false},"author":1,"featured_media":0,"parent":0,"menu_order":0,"comment_status":"closed","ping_status":"closed","template":"","meta":{"footnotes":""},"class_list":["post-31419","page","type-page","status-publish","hentry"],"yoast_head":"<!-- This site is optimized with the Yoast SEO plugin v26.9 - https:\/\/yoast.com\/product\/yoast-seo-wordpress\/ -->\n<title>Terms and Conditions - les bijoux d&#039;angeli<\/title>\n<meta name=\"robots\" content=\"index, follow, max-snippet:-1, max-image-preview:large, max-video-preview:-1\" \/>\n<link rel=\"canonical\" href=\"https:\/\/lesbijouxdangeli.com\/fr\/terms-and-conditions\/\" \/>\n<meta property=\"og:locale\" content=\"fr_FR\" \/>\n<meta property=\"og:type\" content=\"article\" \/>\n<meta property=\"og:title\" content=\"Terms and Conditions - les bijoux d&#039;angeli\" \/>\n<meta property=\"og:description\" content=\"Terms and Conditions\u00a0\u00a0 Company Identification These terms and conditions govern the relationship between LES BIJOUX D&#8217;ANGELI, a simplified joint-stock company\" \/>\n<meta property=\"og:url\" content=\"https:\/\/lesbijouxdangeli.com\/fr\/terms-and-conditions\/\" \/>\n<meta property=\"og:site_name\" content=\"les bijoux d&#039;angeli\" \/>\n<meta property=\"article:modified_time\" content=\"2025-08-31T15:55:13+00:00\" \/>\n<meta name=\"twitter:card\" content=\"summary_large_image\" \/>\n<meta name=\"twitter:label1\" content=\"Dur\u00e9e de lecture estim\u00e9e\" \/>\n\t<meta name=\"twitter:data1\" content=\"2 minutes\" \/>\n<script type=\"application\/ld+json\" class=\"yoast-schema-graph\">{\"@context\":\"https:\/\/schema.org\",\"@graph\":[{\"@type\":\"WebPage\",\"@id\":\"https:\/\/lesbijouxdangeli.com\/en\/terms-and-conditions\/\",\"url\":\"https:\/\/lesbijouxdangeli.com\/en\/terms-and-conditions\/\",\"name\":\"Terms and Conditions - les bijoux d&#039;angeli\",\"isPartOf\":{\"@id\":\"https:\/\/lesbijouxdangeli.com\/en\/#website\"},\"datePublished\":\"2025-07-07T10:00:05+00:00\",\"dateModified\":\"2025-08-31T15:55:13+00:00\",\"breadcrumb\":{\"@id\":\"https:\/\/lesbijouxdangeli.com\/en\/terms-and-conditions\/#breadcrumb\"},\"inLanguage\":\"fr-FR\",\"potentialAction\":[{\"@type\":\"ReadAction\",\"target\":[\"https:\/\/lesbijouxdangeli.com\/en\/terms-and-conditions\/\"]}]},{\"@type\":\"BreadcrumbList\",\"@id\":\"https:\/\/lesbijouxdangeli.com\/en\/terms-and-conditions\/#breadcrumb\",\"itemListElement\":[{\"@type\":\"ListItem\",\"position\":1,\"name\":\"Home\",\"item\":\"https:\/\/lesbijouxdangeli.com\/\"},{\"@type\":\"ListItem\",\"position\":2,\"name\":\"Terms and Conditions\"}]},{\"@type\":\"WebSite\",\"@id\":\"https:\/\/lesbijouxdangeli.com\/en\/#website\",\"url\":\"https:\/\/lesbijouxdangeli.com\/en\/\",\"name\":\"lesbijouxdangeli.com\",\"description\":\"\",\"publisher\":{\"@id\":\"https:\/\/lesbijouxdangeli.com\/en\/#organization\"},\"potentialAction\":[{\"@type\":\"SearchAction\",\"target\":{\"@type\":\"EntryPoint\",\"urlTemplate\":\"https:\/\/lesbijouxdangeli.com\/en\/?s={search_term_string}\"},\"query-input\":{\"@type\":\"PropertyValueSpecification\",\"valueRequired\":true,\"valueName\":\"search_term_string\"}}],\"inLanguage\":\"fr-FR\"},{\"@type\":\"Organization\",\"@id\":\"https:\/\/lesbijouxdangeli.com\/en\/#organization\",\"name\":\"lesbijouxdangeli.com\",\"url\":\"https:\/\/lesbijouxdangeli.com\/en\/\",\"logo\":{\"@type\":\"ImageObject\",\"inLanguage\":\"fr-FR\",\"@id\":\"https:\/\/lesbijouxdangeli.com\/en\/#\/schema\/logo\/image\/\",\"url\":\"https:\/\/lesbijouxdangeli.com\/wp-content\/uploads\/2025\/06\/jewerly-logo_final_SVG-01.svg\",\"contentUrl\":\"https:\/\/lesbijouxdangeli.com\/wp-content\/uploads\/2025\/06\/jewerly-logo_final_SVG-01.svg\",\"width\":500,\"height\":150,\"caption\":\"lesbijouxdangeli.com\"},\"image\":{\"@id\":\"https:\/\/lesbijouxdangeli.com\/en\/#\/schema\/logo\/image\/\"},\"sameAs\":[\"https:\/\/www.instagram.com\/lesbijouxdangeli\/\",\"https:\/\/www.tiktok.com\/@lesbijouxdangeli\"]}]}<\/script>\n<!-- \/ Yoast SEO plugin. -->","yoast_head_json":{"title":"Terms and Conditions - les bijoux d&#039;angeli","robots":{"index":"index","follow":"follow","max-snippet":"max-snippet:-1","max-image-preview":"max-image-preview:large","max-video-preview":"max-video-preview:-1"},"canonical":"https:\/\/lesbijouxdangeli.com\/fr\/terms-and-conditions\/","og_locale":"fr_FR","og_type":"article","og_title":"Terms and Conditions - les bijoux d&#039;angeli","og_description":"Terms and Conditions\u00a0\u00a0 Company Identification These terms and conditions govern the relationship between LES BIJOUX D&#8217;ANGELI, a simplified joint-stock company","og_url":"https:\/\/lesbijouxdangeli.com\/fr\/terms-and-conditions\/","og_site_name":"les bijoux d&#039;angeli","article_modified_time":"2025-08-31T15:55:13+00:00","twitter_card":"summary_large_image","twitter_misc":{"Dur\u00e9e de lecture estim\u00e9e":"2 minutes"},"schema":{"@context":"https:\/\/schema.org","@graph":[{"@type":"WebPage","@id":"https:\/\/lesbijouxdangeli.com\/en\/terms-and-conditions\/","url":"https:\/\/lesbijouxdangeli.com\/en\/terms-and-conditions\/","name":"Terms and Conditions - les bijoux d&#039;angeli","isPartOf":{"@id":"https:\/\/lesbijouxdangeli.com\/en\/#website"},"datePublished":"2025-07-07T10:00:05+00:00","dateModified":"2025-08-31T15:55:13+00:00","breadcrumb":{"@id":"https:\/\/lesbijouxdangeli.com\/en\/terms-and-conditions\/#breadcrumb"},"inLanguage":"fr-FR","potentialAction":[{"@type":"ReadAction","target":["https:\/\/lesbijouxdangeli.com\/en\/terms-and-conditions\/"]}]},{"@type":"BreadcrumbList","@id":"https:\/\/lesbijouxdangeli.com\/en\/terms-and-conditions\/#breadcrumb","itemListElement":[{"@type":"ListItem","position":1,"name":"Home","item":"https:\/\/lesbijouxdangeli.com\/"},{"@type":"ListItem","position":2,"name":"Terms and Conditions"}]},{"@type":"WebSite","@id":"https:\/\/lesbijouxdangeli.com\/en\/#website","url":"https:\/\/lesbijouxdangeli.com\/en\/","name":"lesbijouxdangeli.com","description":"","publisher":{"@id":"https:\/\/lesbijouxdangeli.com\/en\/#organization"},"potentialAction":[{"@type":"SearchAction","target":{"@type":"EntryPoint","urlTemplate":"https:\/\/lesbijouxdangeli.com\/en\/?s={search_term_string}"},"query-input":{"@type":"PropertyValueSpecification","valueRequired":true,"valueName":"search_term_string"}}],"inLanguage":"fr-FR"},{"@type":"Organization","@id":"https:\/\/lesbijouxdangeli.com\/en\/#organization","name":"lesbijouxdangeli.com","url":"https:\/\/lesbijouxdangeli.com\/en\/","logo":{"@type":"ImageObject","inLanguage":"fr-FR","@id":"https:\/\/lesbijouxdangeli.com\/en\/#\/schema\/logo\/image\/","url":"https:\/\/lesbijouxdangeli.com\/wp-content\/uploads\/2025\/06\/jewerly-logo_final_SVG-01.svg","contentUrl":"https:\/\/lesbijouxdangeli.com\/wp-content\/uploads\/2025\/06\/jewerly-logo_final_SVG-01.svg","width":500,"height":150,"caption":"lesbijouxdangeli.com"},"image":{"@id":"https:\/\/lesbijouxdangeli.com\/en\/#\/schema\/logo\/image\/"},"sameAs":["https:\/\/www.instagram.com\/lesbijouxdangeli\/","https:\/\/www.tiktok.com\/@lesbijouxdangeli"]}]}},"_links":{"self":[{"href":"https:\/\/lesbijouxdangeli.com\/fr\/wp-json\/wp\/v2\/pages\/31419","targetHints":{"allow":["GET"]}}],"collection":[{"href":"https:\/\/lesbijouxdangeli.com\/fr\/wp-json\/wp\/v2\/pages"}],"about":[{"href":"https:\/\/lesbijouxdangeli.com\/fr\/wp-json\/wp\/v2\/types\/page"}],"author":[{"embeddable":true,"href":"https:\/\/lesbijouxdangeli.com\/fr\/wp-json\/wp\/v2\/users\/1"}],"replies":[{"embeddable":true,"href":"https:\/\/lesbijouxdangeli.com\/fr\/wp-json\/wp\/v2\/comments?post=31419"}],"version-history":[{"count":13,"href":"https:\/\/lesbijouxdangeli.com\/fr\/wp-json\/wp\/v2\/pages\/31419\/revisions"}],"predecessor-version":[{"id":262821,"href":"https:\/\/lesbijouxdangeli.com\/fr\/wp-json\/wp\/v2\/pages\/31419\/revisions\/262821"}],"wp:attachment":[{"href":"https:\/\/lesbijouxdangeli.com\/fr\/wp-json\/wp\/v2\/media?parent=31419"}],"curies":[{"name":"wp","href":"https:\/\/api.w.org\/{rel}","templated":true}]}}