{"id":4400,"date":"2021-10-12T15:51:09","date_gmt":"2021-10-12T15:51:09","guid":{"rendered":"http:\/\/dummy.xtemos.com\/woodmart2\/elementor\/?page_id=4400"},"modified":"2025-07-05T16:14:34","modified_gmt":"2025-07-05T16:14:34","slug":"about-us","status":"publish","type":"page","link":"https:\/\/lesbijouxdangeli.com\/fr\/about-us\/","title":{"rendered":"\u00c0 propos de nous"},"content":{"rendered":"<div data-elementor-type=\"wp-page\" data-elementor-id=\"4400\" class=\"elementor elementor-4400\">\n\t\t\t\t\t\t<section class=\"elementor-section elementor-top-section elementor-element elementor-element-3c548bca elementor-reverse-tablet elementor-reverse-mobile elementor-section-boxed elementor-section-height-default elementor-section-height-default wd-section-disabled\" data-id=\"3c548bca\" data-element_type=\"section\" data-e-type=\"section\">\n\t\t\t\t\t\t<div class=\"elementor-container elementor-column-gap-default\">\n\t\t\t\t\t<div class=\"elementor-column elementor-col-50 elementor-top-column elementor-element elementor-element-1d354ed7\" data-id=\"1d354ed7\" data-element_type=\"column\" data-e-type=\"column\">\n\t\t\t<div class=\"elementor-widget-wrap elementor-element-populated\">\n\t\t\t\t\t\t<div class=\"elementor-element elementor-element-3b8f1c6 elementor-widget elementor-widget-wd_image_or_svg\" data-id=\"3b8f1c6\" data-element_type=\"widget\" data-e-type=\"widget\" data-widget_type=\"wd_image_or_svg.default\">\n\t\t\t\t<div class=\"elementor-widget-container\">\n\t\t\t\t\t\n\t\t<div class=\"wd-image text-right\">\n\t\t\t\t\t\t\t\t\t\t\t\t\t<\/div>\n\n\t\t\t\t\t\t<\/div>\n\t\t\t\t<\/div>\n\t\t\t\t\t<\/div>\n\t\t<\/div>\n\t\t\t\t<div class=\"elementor-column elementor-col-50 elementor-top-column elementor-element elementor-element-7a9daa7\" data-id=\"7a9daa7\" data-element_type=\"column\" data-e-type=\"column\">\n\t\t\t<div class=\"elementor-widget-wrap elementor-element-populated\">\n\t\t\t\t\t\t<div class=\"elementor-element elementor-element-18566191 elementor-widget elementor-widget-wd_title\" data-id=\"18566191\" data-element_type=\"widget\" data-e-type=\"widget\" data-widget_type=\"wd_title.default\">\n\t\t\t\t<div class=\"elementor-widget-container\">\n\t\t\t\t\t\t\t<div class=\"title-wrapper set-mb-s reset-last-child wd-title-color-primary wd-title-style-default wd-title-size-large text-left\">\n\n\t\t\t\n\t\t\t<div class=\"liner-continer\">\n\t\t\t\t<h4 class=\"woodmart-title-container title wd-fontsize-xxl\">Au sujet de notre histoire<\/h4> \n\t\t\t\t\t\t\t<\/div>\n\n\t\t\t\t\t\t\t<div class=\"title-after_title set-cont-mb-s reset-last-child wd-fontsize-s\">\n\t\t\t\t\t<p><em>Les Bijoux d&#039;Angeli\u2014Une histoire de la passion, de l&#039;expertise et du patrimoine.<\/em><\/p>\t\t\t\t<\/div>\n\t\t\t\t\t<\/div>\n\t\t\t\t\t\t<\/div>\n\t\t\t\t<\/div>\n\t\t\t\t<div class=\"elementor-element elementor-element-cf34ae6 elementor-widget elementor-widget-wd_text_block\" data-id=\"cf34ae6\" data-element_type=\"widget\" data-e-type=\"widget\" data-widget_type=\"wd_text_block.default\">\n\t\t\t\t<div class=\"elementor-widget-container\">\n\t\t\t\t\t\t\t<div class=\"wd-text-block reset-last-child text-left\">\n\t\t\t\n\t\t\t<p>N\u00e9 d\u2019une pr\u00e9cieuse tradition familiale, Les Bijoux d\u2019Angeli est un h\u00e9ritage d\u2019expertise transmis de g\u00e9n\u00e9ration en g\u00e9n\u00e9ration. Fond\u00e9e par le petit-fils d\u2019un expert bijoutier, notre maison est anim\u00e9e par une v\u00e9ritable passion pour les bijoux et le d\u00e9sir de cr\u00e9er des pi\u00e8ces uniques, qui traversent le temps.<\/p><p>Chaque cr\u00e9ation est fa\u00e7onn\u00e9e avec amour et con\u00e7ue avec pr\u00e9cision par nos artisans, alliant savoir-faire traditionnel et design contemporain. \u00c0 travers nos bijoux, nous rendons hommage \u00e0 l\u2019\u00e9l\u00e9gance, au souci du d\u00e9tail, et \u00e0 l\u2019\u00e9motion que seul un bijou unique peut transmettre.<\/p><p>Chez Les Bijoux d\u2019Angeli, nous croyons que chaque bijou raconte une histoire : la v\u00f4tre. C\u2019est pourquoi nous mettons un point d\u2019honneur \u00e0 vous offrir des pi\u00e8ces personnalis\u00e9es, r\u00e9alis\u00e9es sur commande, avec des mat\u00e9riaux nobles et une attention m\u00e9ticuleuse \u00e0 chaque \u00e9tape de fabrication.<\/p><p>Notre mission : sublimer les moments pr\u00e9cieux de votre vie avec des cr\u00e9ations raffin\u00e9es, durables et pleines de sens.\nBienvenue dans l\u2019univers des Bijoux d\u2019Angeli \u2014 o\u00f9 l\u2019art de la joaillerie prend tout son sens.<\/p>\n\t\t\t\t\t<\/div>\n\t\t\t\t\t\t<\/div>\n\t\t\t\t<\/div>\n\t\t\t\t<section class=\"elementor-section elementor-inner-section elementor-element elementor-element-6c441740 elementor-section-boxed elementor-section-height-default elementor-section-height-default wd-section-disabled\" data-id=\"6c441740\" data-element_type=\"section\" data-e-type=\"section\">\n\t\t\t\t\t\t<div class=\"elementor-container elementor-column-gap-default\">\n\t\t\t\t\t<div class=\"elementor-column elementor-col-100 elementor-inner-column elementor-element elementor-element-2340cadd\" data-id=\"2340cadd\" data-element_type=\"column\" data-e-type=\"column\">\n\t\t\t<div class=\"elementor-widget-wrap elementor-element-populated\">\n\t\t\t\t\t\t<div class=\"elementor-element elementor-element-5292d768 elementor-widget__width-auto elementor-hidden-phone elementor-widget elementor-widget-wd_social_buttons\" data-id=\"5292d768\" data-element_type=\"widget\" data-e-type=\"widget\" data-widget_type=\"wd_social_buttons.default\">\n\t\t\t\t<div class=\"elementor-widget-container\">\n\t\t\t\t\t\n\t\t\t<div class=\"wd-social-icons icons-design-colored-alt icons-size-small color-scheme-dark social-follow social-form-circle text-left\">\n\n\t\t\t\t\n\t\t\t\t\n\t\t\t\t\n\t\t\t\t\n\t\t\t\t\t\t\t\t\t<a rel=\"noopener noreferrer nofollow\" href=\"https:\/\/www.instagram.com\/lesbijouxdangeli\" target=\"_blank\" class=\"wd-social-icon social-instagram\" aria-label=\"Instagram social link\">\n\t\t\t\t\t\t<span class=\"wd-icon\"><\/span>\n\t\t\t\t\t\t\t\t\t\t\t<\/a>\n\t\t\t\t\n\t\t\t\t\n\t\t\t\t\n\t\t\t\t\n\t\t\t\t\t\t\t\t\t<a rel=\"noopener noreferrer nofollow\" href=\"https:\/\/www.linkedin.com\/company\/les-bijoux-d-angeli\" target=\"_blank\" class=\"wd-social-icon social-linkedin\" aria-label=\"Linkedin social link\">\n\t\t\t\t\t\t<span class=\"wd-icon\"><\/span>\n\t\t\t\t\t\t\t\t\t\t\t<\/a>\n\t\t\t\t\n\t\t\t\t\n\t\t\t\t\n\t\t\t\t\n\t\t\t\t\n\t\t\t\t\n\t\t\t\t\n\t\t\t\t\n\t\t\t\t\n\t\t\t\t\t\t\t\t\t<a rel=\"noopener noreferrer nofollow\" href=\"#\" target=\"_blank\" class=\"whatsapp-desktop  wd-social-icon social-whatsapp\" aria-label=\"WhatsApp social link\">\n\t\t\t\t\t\t<span class=\"wd-icon\"><\/span>\n\t\t\t\t\t\t\t\t\t\t\t<\/a>\n\t\t\t\t\t\n\t\t\t\t\t<a rel=\"noopener noreferrer nofollow\" href=\"#\" target=\"_blank\" class=\"whatsapp-mobile  wd-social-icon social-whatsapp\" aria-label=\"WhatsApp social link\">\n\t\t\t\t\t\t<span class=\"wd-icon\"><\/span>\n\t\t\t\t\t\t\t\t\t\t\t<\/a>\n\t\t\t\t\n\t\t\t\t\t\t\t\t\n\t\t\t\t\t\t\t\t\n\t\t\t\t\n\t\t\t\t\n\t\t\t\t\t\t\t\t\n\t\t\t\t\n\t\t\t<\/div>\n\n\t\t\t\t\t\t<\/div>\n\t\t\t\t<\/div>\n\t\t\t\t\t<\/div>\n\t\t<\/div>\n\t\t\t\t\t<\/div>\n\t\t<\/section>\n\t\t\t\t\t<\/div>\n\t\t<\/div>\n\t\t\t\t\t<\/div>\n\t\t<\/section>\n\t\t\t\t<\/div>","protected":false},"excerpt":{"rendered":"<p>About our story Les Bijoux d\u2019Angeli\u2014A story of passion, expertise, and heritage. Born from a precious family tradition, Les Bijoux<\/p>","protected":false},"author":1,"featured_media":0,"parent":0,"menu_order":0,"comment_status":"closed","ping_status":"closed","template":"","meta":{"footnotes":""},"class_list":["post-4400","page","type-page","status-publish","hentry"],"yoast_head":"<!-- This site is optimized with the Yoast SEO plugin v26.9 - https:\/\/yoast.com\/product\/yoast-seo-wordpress\/ -->\n<title>About us - les bijoux d&#039;angeli<\/title>\n<meta name=\"robots\" content=\"index, follow, max-snippet:-1, max-image-preview:large, max-video-preview:-1\" \/>\n<link rel=\"canonical\" href=\"https:\/\/lesbijouxdangeli.com\/fr\/about-us\/\" \/>\n<meta property=\"og:locale\" content=\"fr_FR\" \/>\n<meta property=\"og:type\" content=\"article\" \/>\n<meta property=\"og:title\" content=\"About us - les bijoux d&#039;angeli\" \/>\n<meta property=\"og:description\" content=\"About our story Les Bijoux d\u2019Angeli\u2014A story of passion, expertise, and heritage. Born from a precious family tradition, Les Bijoux\" \/>\n<meta property=\"og:url\" content=\"https:\/\/lesbijouxdangeli.com\/fr\/about-us\/\" \/>\n<meta property=\"og:site_name\" content=\"les bijoux d&#039;angeli\" \/>\n<meta property=\"article:modified_time\" content=\"2025-07-05T16:14:34+00:00\" \/>\n<meta property=\"og:image\" content=\"https:\/\/lesbijouxdangeli.com\/wp-content\/uploads\/2021\/10\/about-us-3-image-1.jpg\" \/>\n<meta name=\"twitter:card\" content=\"summary_large_image\" \/>\n<meta name=\"twitter:label1\" content=\"Dur\u00e9e de lecture estim\u00e9e\" \/>\n\t<meta name=\"twitter:data1\" content=\"1 minute\" \/>\n<script type=\"application\/ld+json\" class=\"yoast-schema-graph\">{\"@context\":\"https:\/\/schema.org\",\"@graph\":[{\"@type\":\"WebPage\",\"@id\":\"https:\/\/lesbijouxdangeli.com\/about-us\/\",\"url\":\"https:\/\/lesbijouxdangeli.com\/about-us\/\",\"name\":\"About us - les bijoux d&#039;angeli\",\"isPartOf\":{\"@id\":\"https:\/\/lesbijouxdangeli.com\/en\/#website\"},\"primaryImageOfPage\":{\"@id\":\"https:\/\/lesbijouxdangeli.com\/about-us\/#primaryimage\"},\"image\":{\"@id\":\"https:\/\/lesbijouxdangeli.com\/about-us\/#primaryimage\"},\"thumbnailUrl\":\"https:\/\/lesbijouxdangeli.com\/wp-content\/uploads\/2021\/10\/about-us-3-image-1.jpg\",\"datePublished\":\"2021-10-12T15:51:09+00:00\",\"dateModified\":\"2025-07-05T16:14:34+00:00\",\"breadcrumb\":{\"@id\":\"https:\/\/lesbijouxdangeli.com\/about-us\/#breadcrumb\"},\"inLanguage\":\"fr-FR\",\"potentialAction\":[{\"@type\":\"ReadAction\",\"target\":[\"https:\/\/lesbijouxdangeli.com\/about-us\/\"]}]},{\"@type\":\"ImageObject\",\"inLanguage\":\"fr-FR\",\"@id\":\"https:\/\/lesbijouxdangeli.com\/about-us\/#primaryimage\",\"url\":\"https:\/\/lesbijouxdangeli.com\/wp-content\/uploads\/2021\/10\/about-us-3-image-1.jpg\",\"contentUrl\":\"https:\/\/lesbijouxdangeli.com\/wp-content\/uploads\/2021\/10\/about-us-3-image-1.jpg\"},{\"@type\":\"BreadcrumbList\",\"@id\":\"https:\/\/lesbijouxdangeli.com\/about-us\/#breadcrumb\",\"itemListElement\":[{\"@type\":\"ListItem\",\"position\":1,\"name\":\"Home\",\"item\":\"https:\/\/lesbijouxdangeli.com\/\"},{\"@type\":\"ListItem\",\"position\":2,\"name\":\"About us\"}]},{\"@type\":\"WebSite\",\"@id\":\"https:\/\/lesbijouxdangeli.com\/en\/#website\",\"url\":\"https:\/\/lesbijouxdangeli.com\/en\/\",\"name\":\"lesbijouxdangeli.com\",\"description\":\"\",\"publisher\":{\"@id\":\"https:\/\/lesbijouxdangeli.com\/en\/#organization\"},\"potentialAction\":[{\"@type\":\"SearchAction\",\"target\":{\"@type\":\"EntryPoint\",\"urlTemplate\":\"https:\/\/lesbijouxdangeli.com\/en\/?s={search_term_string}\"},\"query-input\":{\"@type\":\"PropertyValueSpecification\",\"valueRequired\":true,\"valueName\":\"search_term_string\"}}],\"inLanguage\":\"fr-FR\"},{\"@type\":\"Organization\",\"@id\":\"https:\/\/lesbijouxdangeli.com\/en\/#organization\",\"name\":\"lesbijouxdangeli.com\",\"url\":\"https:\/\/lesbijouxdangeli.com\/en\/\",\"logo\":{\"@type\":\"ImageObject\",\"inLanguage\":\"fr-FR\",\"@id\":\"https:\/\/lesbijouxdangeli.com\/en\/#\/schema\/logo\/image\/\",\"url\":\"https:\/\/lesbijouxdangeli.com\/wp-content\/uploads\/2025\/06\/jewerly-logo_final_SVG-01.svg\",\"contentUrl\":\"https:\/\/lesbijouxdangeli.com\/wp-content\/uploads\/2025\/06\/jewerly-logo_final_SVG-01.svg\",\"width\":500,\"height\":150,\"caption\":\"lesbijouxdangeli.com\"},\"image\":{\"@id\":\"https:\/\/lesbijouxdangeli.com\/en\/#\/schema\/logo\/image\/\"},\"sameAs\":[\"https:\/\/www.instagram.com\/lesbijouxdangeli\/\",\"https:\/\/www.tiktok.com\/@lesbijouxdangeli\"]}]}<\/script>\n<!-- \/ Yoast SEO plugin. -->","yoast_head_json":{"title":"About us - les bijoux d&#039;angeli","robots":{"index":"index","follow":"follow","max-snippet":"max-snippet:-1","max-image-preview":"max-image-preview:large","max-video-preview":"max-video-preview:-1"},"canonical":"https:\/\/lesbijouxdangeli.com\/fr\/about-us\/","og_locale":"fr_FR","og_type":"article","og_title":"About us - les bijoux d&#039;angeli","og_description":"About our story Les Bijoux d\u2019Angeli\u2014A story of passion, expertise, and heritage. Born from a precious family tradition, Les Bijoux","og_url":"https:\/\/lesbijouxdangeli.com\/fr\/about-us\/","og_site_name":"les bijoux d&#039;angeli","article_modified_time":"2025-07-05T16:14:34+00:00","og_image":[{"url":"https:\/\/lesbijouxdangeli.com\/wp-content\/uploads\/2021\/10\/about-us-3-image-1.jpg","type":"","width":"","height":""}],"twitter_card":"summary_large_image","twitter_misc":{"Dur\u00e9e de lecture estim\u00e9e":"1 minute"},"schema":{"@context":"https:\/\/schema.org","@graph":[{"@type":"WebPage","@id":"https:\/\/lesbijouxdangeli.com\/about-us\/","url":"https:\/\/lesbijouxdangeli.com\/about-us\/","name":"About us - les bijoux d&#039;angeli","isPartOf":{"@id":"https:\/\/lesbijouxdangeli.com\/en\/#website"},"primaryImageOfPage":{"@id":"https:\/\/lesbijouxdangeli.com\/about-us\/#primaryimage"},"image":{"@id":"https:\/\/lesbijouxdangeli.com\/about-us\/#primaryimage"},"thumbnailUrl":"https:\/\/lesbijouxdangeli.com\/wp-content\/uploads\/2021\/10\/about-us-3-image-1.jpg","datePublished":"2021-10-12T15:51:09+00:00","dateModified":"2025-07-05T16:14:34+00:00","breadcrumb":{"@id":"https:\/\/lesbijouxdangeli.com\/about-us\/#breadcrumb"},"inLanguage":"fr-FR","potentialAction":[{"@type":"ReadAction","target":["https:\/\/lesbijouxdangeli.com\/about-us\/"]}]},{"@type":"ImageObject","inLanguage":"fr-FR","@id":"https:\/\/lesbijouxdangeli.com\/about-us\/#primaryimage","url":"https:\/\/lesbijouxdangeli.com\/wp-content\/uploads\/2021\/10\/about-us-3-image-1.jpg","contentUrl":"https:\/\/lesbijouxdangeli.com\/wp-content\/uploads\/2021\/10\/about-us-3-image-1.jpg"},{"@type":"BreadcrumbList","@id":"https:\/\/lesbijouxdangeli.com\/about-us\/#breadcrumb","itemListElement":[{"@type":"ListItem","position":1,"name":"Home","item":"https:\/\/lesbijouxdangeli.com\/"},{"@type":"ListItem","position":2,"name":"About us"}]},{"@type":"WebSite","@id":"https:\/\/lesbijouxdangeli.com\/en\/#website","url":"https:\/\/lesbijouxdangeli.com\/en\/","name":"lesbijouxdangeli.com","description":"","publisher":{"@id":"https:\/\/lesbijouxdangeli.com\/en\/#organization"},"potentialAction":[{"@type":"SearchAction","target":{"@type":"EntryPoint","urlTemplate":"https:\/\/lesbijouxdangeli.com\/en\/?s={search_term_string}"},"query-input":{"@type":"PropertyValueSpecification","valueRequired":true,"valueName":"search_term_string"}}],"inLanguage":"fr-FR"},{"@type":"Organization","@id":"https:\/\/lesbijouxdangeli.com\/en\/#organization","name":"lesbijouxdangeli.com","url":"https:\/\/lesbijouxdangeli.com\/en\/","logo":{"@type":"ImageObject","inLanguage":"fr-FR","@id":"https:\/\/lesbijouxdangeli.com\/en\/#\/schema\/logo\/image\/","url":"https:\/\/lesbijouxdangeli.com\/wp-content\/uploads\/2025\/06\/jewerly-logo_final_SVG-01.svg","contentUrl":"https:\/\/lesbijouxdangeli.com\/wp-content\/uploads\/2025\/06\/jewerly-logo_final_SVG-01.svg","width":500,"height":150,"caption":"lesbijouxdangeli.com"},"image":{"@id":"https:\/\/lesbijouxdangeli.com\/en\/#\/schema\/logo\/image\/"},"sameAs":["https:\/\/www.instagram.com\/lesbijouxdangeli\/","https:\/\/www.tiktok.com\/@lesbijouxdangeli"]}]}},"_links":{"self":[{"href":"https:\/\/lesbijouxdangeli.com\/fr\/wp-json\/wp\/v2\/pages\/4400","targetHints":{"allow":["GET"]}}],"collection":[{"href":"https:\/\/lesbijouxdangeli.com\/fr\/wp-json\/wp\/v2\/pages"}],"about":[{"href":"https:\/\/lesbijouxdangeli.com\/fr\/wp-json\/wp\/v2\/types\/page"}],"author":[{"embeddable":true,"href":"https:\/\/lesbijouxdangeli.com\/fr\/wp-json\/wp\/v2\/users\/1"}],"replies":[{"embeddable":true,"href":"https:\/\/lesbijouxdangeli.com\/fr\/wp-json\/wp\/v2\/comments?post=4400"}],"version-history":[{"count":18,"href":"https:\/\/lesbijouxdangeli.com\/fr\/wp-json\/wp\/v2\/pages\/4400\/revisions"}],"predecessor-version":[{"id":31411,"href":"https:\/\/lesbijouxdangeli.com\/fr\/wp-json\/wp\/v2\/pages\/4400\/revisions\/31411"}],"wp:attachment":[{"href":"https:\/\/lesbijouxdangeli.com\/fr\/wp-json\/wp\/v2\/media?parent=4400"}],"curies":[{"name":"wp","href":"https:\/\/api.w.org\/{rel}","templated":true}]}}