{"id":244404,"date":"2025-08-30T17:37:01","date_gmt":"2025-08-30T22:07:01","guid":{"rendered":"https:\/\/lesbijouxdangeli.com\/?post_type=product&#038;p=244404"},"modified":"2026-01-06T19:33:45","modified_gmt":"2026-01-07T00:03:45","slug":"earrings-in-18k-14k-or-9k-gold-platinum-capucine","status":"publish","type":"product","link":"https:\/\/lesbijouxdangeli.com\/fr\/shop\/earrings-in-18k-14k-or-9k-gold-platinum-capucine\/","title":{"rendered":"Boucles d\u2019oreilles en or 18K, 14K ou 9K \u2013 Platine <br>Capucine"},"content":{"rendered":"<section class='product-intro'>\n<h2>Nos boucles d\u2019oreilles sur mesure<\/h2>\n<p>Nos boucles d\u2019oreilles sont <strong>fabriqu\u00e9es artisanalement<\/strong> en or 18K, 14K ou 9K, ainsi qu\u2019en platine.<\/p>\n<p>Chaque cr\u00e9ation est <strong>Enti\u00e8rement personnalisable<\/strong>:<\/p>\n<ul>\n<li>Choisissez entre des diamants naturels ou des diamants de laboratoire,<\/li>\n<li>s\u00e9lectionnez la couleur de l\u2019or (jaune, blanc ou rose),<\/li>\n<li>adaptez le mod\u00e8le pour qu\u2019il corresponde parfaitement \u00e0 votre style.<\/li>\n<\/ul>\n<p>Toutes nos pi\u00e8ces sont con\u00e7ues avec <strong>soin et pr\u00e9cision<\/strong> pour garantir :<\/p>\n<ul>\n<li>une \u00e9l\u00e9gance unique,<\/li>\n<li>une longue durabilit\u00e9,<\/li>\n<li>une brillance intemporelle.<\/li>\n<\/ul>\n<\/section>\n<h3>D\u00e9tails du produit<\/h3>\n<table style='width: 648px; border-collapse: collapse; height: auto;'>\n<tbody>\n<tr>\n<th style='text-align: left; padding: 8px; border-bottom: 1px solid #ddd;'>Caract\u00e9ristiques<\/th>\n<th style='text-align: left; padding: 8px; border-bottom: 1px solid #ddd;'>D\u00e9tail<\/th>\n<\/tr>\n<tr>\n<td style='padding: 8px; border-bottom: 1px solid #ddd;'>Poids total en carats<\/td>\n<td style='padding: 8px; border-bottom: 1px solid #ddd;'>001 ct<\/td>\n<\/tr>\n<tr>\n<td style='padding: 8px; border-bottom: 1px solid #ddd;'>Diamant naturel \u2013 Puret\u00e9<\/td>\n<td style='padding: 8px; border-bottom: 1px solid #ddd;'>SI<\/td>\n<\/tr>\n<tr>\n<td style='padding: 8px; border-bottom: 1px solid #ddd;'>Diamant naturel \u2013 Couleur<\/td>\n<td style='padding: 8px; border-bottom: 1px solid #ddd;'>H<\/td>\n<\/tr>\n<tr>\n<td style='padding: 8px; border-bottom: 1px solid #ddd;'>Diamant de laboratoire \u2013 Puret\u00e9<\/td>\n<td style='padding: 8px; border-bottom: 1px solid #ddd;'>VVS<\/td>\n<\/tr>\n<tr>\n<td style='padding: 8px; border-bottom: 1px solid #ddd;'>Diamant de laboratoire \u2013 Couleur<\/td>\n<td style='padding: 8px; border-bottom: 1px solid #ddd;'>F<\/td>\n<\/tr>\n<\/tbody>\n<\/table>","protected":false},"excerpt":{"rendered":"<p>Our Custom Earrings Our earrings are handcrafted in 18K, 14K, or 9K gold, as well as platinum. Each creation is<\/p>","protected":false},"featured_media":32943,"template":"","meta":[],"product_brand":[],"product_cat":[111],"product_tag":[],"class_list":{"0":"post-244404","1":"product","2":"type-product","3":"status-publish","4":"has-post-thumbnail","6":"product_cat-earring","8":"first","9":"instock","10":"shipping-taxable","11":"purchasable","12":"product-type-variable"},"yoast_head":"<!-- This site is optimized with the Yoast SEO plugin v26.9 - https:\/\/yoast.com\/product\/yoast-seo-wordpress\/ -->\n<title>Earrings in 18K, 14K or 9K Gold \u2013 Platinum Capucine - les bijoux d&#039;angeli<\/title>\n<meta name=\"robots\" content=\"index, follow, max-snippet:-1, max-image-preview:large, max-video-preview:-1\" \/>\n<link rel=\"canonical\" href=\"https:\/\/lesbijouxdangeli.com\/fr\/shop\/earrings-in-18k-14k-or-9k-gold-platinum-capucine\/\" \/>\n<meta property=\"og:locale\" content=\"fr_FR\" \/>\n<meta property=\"og:type\" content=\"article\" \/>\n<meta property=\"og:title\" content=\"Earrings in 18K, 14K or 9K Gold \u2013 Platinum Capucine - les bijoux d&#039;angeli\" \/>\n<meta property=\"og:description\" content=\"Our Custom Earrings Our earrings are handcrafted in 18K, 14K, or 9K gold, as well as platinum. Each creation is\" \/>\n<meta property=\"og:url\" content=\"https:\/\/lesbijouxdangeli.com\/fr\/shop\/earrings-in-18k-14k-or-9k-gold-platinum-capucine\/\" \/>\n<meta property=\"og:site_name\" content=\"les bijoux d&#039;angeli\" \/>\n<meta property=\"article:modified_time\" content=\"2026-01-07T00:03:45+00:00\" \/>\n<meta property=\"og:image\" content=\"https:\/\/lesbijouxdangeli.com\/wp-content\/uploads\/2025\/07\/w0009p1.jpg\" \/>\n\t<meta property=\"og:image:width\" content=\"800\" \/>\n\t<meta property=\"og:image:height\" content=\"800\" \/>\n\t<meta property=\"og:image:type\" content=\"image\/jpeg\" \/>\n<meta name=\"twitter:card\" content=\"summary_large_image\" \/>\n<script type=\"application\/ld+json\" class=\"yoast-schema-graph\">{\"@context\":\"https:\/\/schema.org\",\"@graph\":[{\"@type\":\"WebPage\",\"@id\":\"https:\/\/lesbijouxdangeli.com\/shop\/earrings-in-18k-14k-or-9k-gold-platinum-capucine\/\",\"url\":\"https:\/\/lesbijouxdangeli.com\/shop\/earrings-in-18k-14k-or-9k-gold-platinum-capucine\/\",\"name\":\"Earrings in 18K, 14K or 9K Gold \u2013 Platinum Capucine - les bijoux d&#039;angeli\",\"isPartOf\":{\"@id\":\"https:\/\/lesbijouxdangeli.com\/en\/#website\"},\"primaryImageOfPage\":{\"@id\":\"https:\/\/lesbijouxdangeli.com\/shop\/earrings-in-18k-14k-or-9k-gold-platinum-capucine\/#primaryimage\"},\"image\":{\"@id\":\"https:\/\/lesbijouxdangeli.com\/shop\/earrings-in-18k-14k-or-9k-gold-platinum-capucine\/#primaryimage\"},\"thumbnailUrl\":\"https:\/\/lesbijouxdangeli.com\/wp-content\/uploads\/2025\/07\/w0009p1.jpg\",\"datePublished\":\"2025-08-30T22:07:01+00:00\",\"dateModified\":\"2026-01-07T00:03:45+00:00\",\"breadcrumb\":{\"@id\":\"https:\/\/lesbijouxdangeli.com\/shop\/earrings-in-18k-14k-or-9k-gold-platinum-capucine\/#breadcrumb\"},\"inLanguage\":\"fr-FR\",\"potentialAction\":[{\"@type\":\"ReadAction\",\"target\":[\"https:\/\/lesbijouxdangeli.com\/shop\/earrings-in-18k-14k-or-9k-gold-platinum-capucine\/\"]}]},{\"@type\":\"ImageObject\",\"inLanguage\":\"fr-FR\",\"@id\":\"https:\/\/lesbijouxdangeli.com\/shop\/earrings-in-18k-14k-or-9k-gold-platinum-capucine\/#primaryimage\",\"url\":\"https:\/\/lesbijouxdangeli.com\/wp-content\/uploads\/2025\/07\/w0009p1.jpg\",\"contentUrl\":\"https:\/\/lesbijouxdangeli.com\/wp-content\/uploads\/2025\/07\/w0009p1.jpg\",\"width\":800,\"height\":800},{\"@type\":\"BreadcrumbList\",\"@id\":\"https:\/\/lesbijouxdangeli.com\/shop\/earrings-in-18k-14k-or-9k-gold-platinum-capucine\/#breadcrumb\",\"itemListElement\":[{\"@type\":\"ListItem\",\"position\":1,\"name\":\"Home\",\"item\":\"https:\/\/lesbijouxdangeli.com\/\"},{\"@type\":\"ListItem\",\"position\":2,\"name\":\"Shop\",\"item\":\"https:\/\/lesbijouxdangeli.com\/shop\/\"},{\"@type\":\"ListItem\",\"position\":3,\"name\":\"Earrings in 18K, 14K or 9K Gold \u2013 Platinum Capucine\"}]},{\"@type\":\"WebSite\",\"@id\":\"https:\/\/lesbijouxdangeli.com\/en\/#website\",\"url\":\"https:\/\/lesbijouxdangeli.com\/en\/\",\"name\":\"lesbijouxdangeli.com\",\"description\":\"\",\"publisher\":{\"@id\":\"https:\/\/lesbijouxdangeli.com\/en\/#organization\"},\"potentialAction\":[{\"@type\":\"SearchAction\",\"target\":{\"@type\":\"EntryPoint\",\"urlTemplate\":\"https:\/\/lesbijouxdangeli.com\/en\/?s={search_term_string}\"},\"query-input\":{\"@type\":\"PropertyValueSpecification\",\"valueRequired\":true,\"valueName\":\"search_term_string\"}}],\"inLanguage\":\"fr-FR\"},{\"@type\":\"Organization\",\"@id\":\"https:\/\/lesbijouxdangeli.com\/en\/#organization\",\"name\":\"lesbijouxdangeli.com\",\"url\":\"https:\/\/lesbijouxdangeli.com\/en\/\",\"logo\":{\"@type\":\"ImageObject\",\"inLanguage\":\"fr-FR\",\"@id\":\"https:\/\/lesbijouxdangeli.com\/en\/#\/schema\/logo\/image\/\",\"url\":\"https:\/\/lesbijouxdangeli.com\/wp-content\/uploads\/2025\/06\/jewerly-logo_final_SVG-01.svg\",\"contentUrl\":\"https:\/\/lesbijouxdangeli.com\/wp-content\/uploads\/2025\/06\/jewerly-logo_final_SVG-01.svg\",\"width\":500,\"height\":150,\"caption\":\"lesbijouxdangeli.com\"},\"image\":{\"@id\":\"https:\/\/lesbijouxdangeli.com\/en\/#\/schema\/logo\/image\/\"},\"sameAs\":[\"https:\/\/www.instagram.com\/lesbijouxdangeli\/\",\"https:\/\/www.tiktok.com\/@lesbijouxdangeli\"]}]}<\/script>\n<!-- \/ Yoast SEO plugin. -->","yoast_head_json":{"title":"Earrings in 18K, 14K or 9K Gold \u2013 Platinum Capucine - les bijoux d&#039;angeli","robots":{"index":"index","follow":"follow","max-snippet":"max-snippet:-1","max-image-preview":"max-image-preview:large","max-video-preview":"max-video-preview:-1"},"canonical":"https:\/\/lesbijouxdangeli.com\/fr\/shop\/earrings-in-18k-14k-or-9k-gold-platinum-capucine\/","og_locale":"fr_FR","og_type":"article","og_title":"Earrings in 18K, 14K or 9K Gold \u2013 Platinum Capucine - les bijoux d&#039;angeli","og_description":"Our Custom Earrings Our earrings are handcrafted in 18K, 14K, or 9K gold, as well as platinum. Each creation is","og_url":"https:\/\/lesbijouxdangeli.com\/fr\/shop\/earrings-in-18k-14k-or-9k-gold-platinum-capucine\/","og_site_name":"les bijoux d&#039;angeli","article_modified_time":"2026-01-07T00:03:45+00:00","og_image":[{"width":800,"height":800,"url":"https:\/\/lesbijouxdangeli.com\/wp-content\/uploads\/2025\/07\/w0009p1.jpg","type":"image\/jpeg"}],"twitter_card":"summary_large_image","schema":{"@context":"https:\/\/schema.org","@graph":[{"@type":"WebPage","@id":"https:\/\/lesbijouxdangeli.com\/shop\/earrings-in-18k-14k-or-9k-gold-platinum-capucine\/","url":"https:\/\/lesbijouxdangeli.com\/shop\/earrings-in-18k-14k-or-9k-gold-platinum-capucine\/","name":"Earrings in 18K, 14K or 9K Gold \u2013 Platinum Capucine - les bijoux d&#039;angeli","isPartOf":{"@id":"https:\/\/lesbijouxdangeli.com\/en\/#website"},"primaryImageOfPage":{"@id":"https:\/\/lesbijouxdangeli.com\/shop\/earrings-in-18k-14k-or-9k-gold-platinum-capucine\/#primaryimage"},"image":{"@id":"https:\/\/lesbijouxdangeli.com\/shop\/earrings-in-18k-14k-or-9k-gold-platinum-capucine\/#primaryimage"},"thumbnailUrl":"https:\/\/lesbijouxdangeli.com\/wp-content\/uploads\/2025\/07\/w0009p1.jpg","datePublished":"2025-08-30T22:07:01+00:00","dateModified":"2026-01-07T00:03:45+00:00","breadcrumb":{"@id":"https:\/\/lesbijouxdangeli.com\/shop\/earrings-in-18k-14k-or-9k-gold-platinum-capucine\/#breadcrumb"},"inLanguage":"fr-FR","potentialAction":[{"@type":"ReadAction","target":["https:\/\/lesbijouxdangeli.com\/shop\/earrings-in-18k-14k-or-9k-gold-platinum-capucine\/"]}]},{"@type":"ImageObject","inLanguage":"fr-FR","@id":"https:\/\/lesbijouxdangeli.com\/shop\/earrings-in-18k-14k-or-9k-gold-platinum-capucine\/#primaryimage","url":"https:\/\/lesbijouxdangeli.com\/wp-content\/uploads\/2025\/07\/w0009p1.jpg","contentUrl":"https:\/\/lesbijouxdangeli.com\/wp-content\/uploads\/2025\/07\/w0009p1.jpg","width":800,"height":800},{"@type":"BreadcrumbList","@id":"https:\/\/lesbijouxdangeli.com\/shop\/earrings-in-18k-14k-or-9k-gold-platinum-capucine\/#breadcrumb","itemListElement":[{"@type":"ListItem","position":1,"name":"Home","item":"https:\/\/lesbijouxdangeli.com\/"},{"@type":"ListItem","position":2,"name":"Shop","item":"https:\/\/lesbijouxdangeli.com\/shop\/"},{"@type":"ListItem","position":3,"name":"Earrings in 18K, 14K or 9K Gold \u2013 Platinum Capucine"}]},{"@type":"WebSite","@id":"https:\/\/lesbijouxdangeli.com\/en\/#website","url":"https:\/\/lesbijouxdangeli.com\/en\/","name":"lesbijouxdangeli.com","description":"","publisher":{"@id":"https:\/\/lesbijouxdangeli.com\/en\/#organization"},"potentialAction":[{"@type":"SearchAction","target":{"@type":"EntryPoint","urlTemplate":"https:\/\/lesbijouxdangeli.com\/en\/?s={search_term_string}"},"query-input":{"@type":"PropertyValueSpecification","valueRequired":true,"valueName":"search_term_string"}}],"inLanguage":"fr-FR"},{"@type":"Organization","@id":"https:\/\/lesbijouxdangeli.com\/en\/#organization","name":"lesbijouxdangeli.com","url":"https:\/\/lesbijouxdangeli.com\/en\/","logo":{"@type":"ImageObject","inLanguage":"fr-FR","@id":"https:\/\/lesbijouxdangeli.com\/en\/#\/schema\/logo\/image\/","url":"https:\/\/lesbijouxdangeli.com\/wp-content\/uploads\/2025\/06\/jewerly-logo_final_SVG-01.svg","contentUrl":"https:\/\/lesbijouxdangeli.com\/wp-content\/uploads\/2025\/06\/jewerly-logo_final_SVG-01.svg","width":500,"height":150,"caption":"lesbijouxdangeli.com"},"image":{"@id":"https:\/\/lesbijouxdangeli.com\/en\/#\/schema\/logo\/image\/"},"sameAs":["https:\/\/www.instagram.com\/lesbijouxdangeli\/","https:\/\/www.tiktok.com\/@lesbijouxdangeli"]}]}},"_links":{"self":[{"href":"https:\/\/lesbijouxdangeli.com\/fr\/wp-json\/wp\/v2\/product\/244404","targetHints":{"allow":["GET"]}}],"collection":[{"href":"https:\/\/lesbijouxdangeli.com\/fr\/wp-json\/wp\/v2\/product"}],"about":[{"href":"https:\/\/lesbijouxdangeli.com\/fr\/wp-json\/wp\/v2\/types\/product"}],"version-history":[{"count":1,"href":"https:\/\/lesbijouxdangeli.com\/fr\/wp-json\/wp\/v2\/product\/244404\/revisions"}],"predecessor-version":[{"id":244413,"href":"https:\/\/lesbijouxdangeli.com\/fr\/wp-json\/wp\/v2\/product\/244404\/revisions\/244413"}],"wp:featuredmedia":[{"embeddable":true,"href":"https:\/\/lesbijouxdangeli.com\/fr\/wp-json\/wp\/v2\/media\/32943"}],"wp:attachment":[{"href":"https:\/\/lesbijouxdangeli.com\/fr\/wp-json\/wp\/v2\/media?parent=244404"}],"wp:term":[{"taxonomy":"product_brand","embeddable":true,"href":"https:\/\/lesbijouxdangeli.com\/fr\/wp-json\/wp\/v2\/product_brand?post=244404"},{"taxonomy":"product_cat","embeddable":true,"href":"https:\/\/lesbijouxdangeli.com\/fr\/wp-json\/wp\/v2\/product_cat?post=244404"},{"taxonomy":"product_tag","embeddable":true,"href":"https:\/\/lesbijouxdangeli.com\/fr\/wp-json\/wp\/v2\/product_tag?post=244404"}],"curies":[{"name":"wp","href":"https:\/\/api.w.org\/{rel}","templated":true}]}}